{"id":1026,"date":"2024-06-17T08:07:28","date_gmt":"2024-06-17T08:07:28","guid":{"rendered":"https:\/\/raw.githubusercontent.com\/drfuri\/demo-content\/main\/ecomus\/fashion\/images\/?page_id=1026"},"modified":"2025-12-03T12:53:55","modified_gmt":"2025-12-03T11:53:55","slug":"categories","status":"publish","type":"page","link":"https:\/\/mueblespaco.es\/pt\/categories\/","title":{"rendered":"Categor\u00edas"},"content":{"rendered":"<div data-elementor-type=\"wp-page\" data-elementor-id=\"1026\" class=\"elementor elementor-1026\" data-elementor-post-type=\"page\">\n\t\t\t\t<div class=\"elementor-element elementor-element-dc0df03 e-flex e-con-boxed ecomus-responsive-column ecomus-tablet-column--default ecomus-responsive-column ecomus-mobile-column--default e-con e-parent\" data-id=\"dc0df03\" data-element_type=\"container\">\n\t\t\t\t\t<div class=\"e-con-inner\">\n\t\t\t\t<div class=\"elementor-element elementor-element-5a6f4f3 elementor-widget elementor-widget-ecomus-categories-grid\" data-id=\"5a6f4f3\" data-element_type=\"widget\" data-settings=\"{&quot;columns&quot;:3,&quot;columns_tablet&quot;:2,&quot;columns_mobile&quot;:2}\" data-widget_type=\"ecomus-categories-grid.default\">\n\t\t\t\t<div class=\"elementor-widget-container\">\n\t\t\t\t\t<div class=\"ecomus-categories-grid\" style=\"--em-ratio-percent: 127%;\">\n\t\t\t\t<div class=\"ecomus-categories-grid__items em-flex\"><div class=\"ecomus-categories-grid__item\">\n\t\t\t\t\t\t<a href=\"https:\/\/mueblespaco.es\/pt\/product-category\/salones\/\" class=\"em-relative em-ratio em-eff-img-zoom\">\n\t\t\t\t\t\t\t<div class=\"ecomus-categories-grid__image\"> <img decoding=\"async\" src=\"https:\/\/mueblespaco.es\/wp-content\/uploads\/2025\/10\/salon_01.jpg\" title=\"salon_01\" alt=\"salon_01\" loading=\"lazy\" \/><\/div>\n\t\t\t\t\t\t\t<span class=\"ecomus-categories-grid__title ecomus-button em-button em-button-light em-font-medium\">\n\t\t\t\t\t\t\t\t<span class=\"ecomus-categories-grid__text\">Salones<\/span>\n\t\t\t\t\t\t\t\t<span class=\"ecomus-svg-icon ecomus-svg-icon--arrow-top\" ><svg aria-hidden=\"true\" role=\"img\" focusable=\"false\" xmlns=\"http:\/\/www.w3.org\/2000\/svg\" width=\"8\" height=\"8\" viewbox=\"0 0 8 8\" fill=\"currentColor\" class=\"hdt-inline-block hdt-icon hdt-icon-2\"><path d=\"M0.861539 8L0 7.13846L5.90769 1.23077H0.615385V0H8V7.38462H6.76923V2.09231L0.861539 8Z\" fill=\"currentColor\"><\/path><\/svg><\/span>\n\t\t\t\t\t\t\t<\/span>\n\t\t\t\t\t\t<\/a>\n\t\t\t\t\t<\/div><div class=\"ecomus-categories-grid__item\">\n\t\t\t\t\t\t<a href=\"https:\/\/mueblespaco.es\/pt\/product-category\/comedor\/\" class=\"em-relative em-ratio em-eff-img-zoom\">\n\t\t\t\t\t\t\t<div class=\"ecomus-categories-grid__image\"> <img decoding=\"async\" src=\"https:\/\/mueblespaco.es\/wp-content\/uploads\/2025\/12\/cat_comedor.png\" title=\"cat_comedor\" alt=\"cat_comedor\" loading=\"lazy\" \/><\/div>\n\t\t\t\t\t\t\t<span class=\"ecomus-categories-grid__title ecomus-button em-button em-button-light em-font-medium\">\n\t\t\t\t\t\t\t\t<span class=\"ecomus-categories-grid__text\">Comedor<\/span>\n\t\t\t\t\t\t\t\t<span class=\"ecomus-svg-icon ecomus-svg-icon--arrow-top\" ><svg aria-hidden=\"true\" role=\"img\" focusable=\"false\" xmlns=\"http:\/\/www.w3.org\/2000\/svg\" width=\"8\" height=\"8\" viewbox=\"0 0 8 8\" fill=\"currentColor\" class=\"hdt-inline-block hdt-icon hdt-icon-2\"><path d=\"M0.861539 8L0 7.13846L5.90769 1.23077H0.615385V0H8V7.38462H6.76923V2.09231L0.861539 8Z\" fill=\"currentColor\"><\/path><\/svg><\/span>\n\t\t\t\t\t\t\t<\/span>\n\t\t\t\t\t\t<\/a>\n\t\t\t\t\t<\/div><div class=\"ecomus-categories-grid__item\">\n\t\t\t\t\t\t<a href=\"https:\/\/mueblespaco.es\/pt\/product-category\/kitchen\/\" class=\"em-relative em-ratio em-eff-img-zoom\">\n\t\t\t\t\t\t\t<div class=\"ecomus-categories-grid__image\"> <img decoding=\"async\" src=\"https:\/\/mueblespaco.es\/wp-content\/uploads\/2025\/10\/cocina_01.jpg\" title=\"cocina_01\" alt=\"cocina_01\" loading=\"lazy\" \/><\/div>\n\t\t\t\t\t\t\t<span class=\"ecomus-categories-grid__title ecomus-button em-button em-button-light em-font-medium\">\n\t\t\t\t\t\t\t\t<span class=\"ecomus-categories-grid__text\">Cocinas<\/span>\n\t\t\t\t\t\t\t\t<span class=\"ecomus-svg-icon ecomus-svg-icon--arrow-top\" ><svg aria-hidden=\"true\" role=\"img\" focusable=\"false\" xmlns=\"http:\/\/www.w3.org\/2000\/svg\" width=\"8\" height=\"8\" viewbox=\"0 0 8 8\" fill=\"currentColor\" class=\"hdt-inline-block hdt-icon hdt-icon-2\"><path d=\"M0.861539 8L0 7.13846L5.90769 1.23077H0.615385V0H8V7.38462H6.76923V2.09231L0.861539 8Z\" fill=\"currentColor\"><\/path><\/svg><\/span>\n\t\t\t\t\t\t\t<\/span>\n\t\t\t\t\t\t<\/a>\n\t\t\t\t\t<\/div><div class=\"ecomus-categories-grid__item\">\n\t\t\t\t\t\t<a href=\"https:\/\/mueblespaco.es\/pt\/product-category\/dormitorios\/\" class=\"em-relative em-ratio em-eff-img-zoom\">\n\t\t\t\t\t\t\t<div class=\"ecomus-categories-grid__image\"> <img decoding=\"async\" src=\"https:\/\/mueblespaco.es\/wp-content\/uploads\/2025\/10\/cat_dormitorios.png\" title=\"cat_dormitorios\" alt=\"cat_dormitorios\" loading=\"lazy\" \/><\/div>\n\t\t\t\t\t\t\t<span class=\"ecomus-categories-grid__title ecomus-button em-button em-button-light em-font-medium\">\n\t\t\t\t\t\t\t\t<span class=\"ecomus-categories-grid__text\">Dormitorios<\/span>\n\t\t\t\t\t\t\t\t<span class=\"ecomus-svg-icon ecomus-svg-icon--arrow-top\" ><svg aria-hidden=\"true\" role=\"img\" focusable=\"false\" xmlns=\"http:\/\/www.w3.org\/2000\/svg\" width=\"8\" height=\"8\" viewbox=\"0 0 8 8\" fill=\"currentColor\" class=\"hdt-inline-block hdt-icon hdt-icon-2\"><path d=\"M0.861539 8L0 7.13846L5.90769 1.23077H0.615385V0H8V7.38462H6.76923V2.09231L0.861539 8Z\" fill=\"currentColor\"><\/path><\/svg><\/span>\n\t\t\t\t\t\t\t<\/span>\n\t\t\t\t\t\t<\/a>\n\t\t\t\t\t<\/div><div class=\"ecomus-categories-grid__item\">\n\t\t\t\t\t\t<a href=\"https:\/\/mueblespaco.es\/pt\/product-category\/lighting\/\" class=\"em-relative em-ratio em-eff-img-zoom\">\n\t\t\t\t\t\t\t<div class=\"ecomus-categories-grid__image\"> <img decoding=\"async\" src=\"https:\/\/mueblespaco.es\/wp-content\/uploads\/2024\/09\/home_furniture-banner-02.webp\" title=\"home_furniture-banner-02.webp\" alt=\"home_furniture-banner-02.webp\" loading=\"lazy\" \/><\/div>\n\t\t\t\t\t\t\t<span class=\"ecomus-categories-grid__title ecomus-button em-button em-button-light em-font-medium\">\n\t\t\t\t\t\t\t\t<span class=\"ecomus-categories-grid__text\">Iluminaci\u00f3n<\/span>\n\t\t\t\t\t\t\t\t<span class=\"ecomus-svg-icon ecomus-svg-icon--arrow-top\" ><svg aria-hidden=\"true\" role=\"img\" focusable=\"false\" xmlns=\"http:\/\/www.w3.org\/2000\/svg\" width=\"8\" height=\"8\" viewbox=\"0 0 8 8\" fill=\"currentColor\" class=\"hdt-inline-block hdt-icon hdt-icon-2\"><path d=\"M0.861539 8L0 7.13846L5.90769 1.23077H0.615385V0H8V7.38462H6.76923V2.09231L0.861539 8Z\" fill=\"currentColor\"><\/path><\/svg><\/span>\n\t\t\t\t\t\t\t<\/span>\n\t\t\t\t\t\t<\/a>\n\t\t\t\t\t<\/div><div class=\"ecomus-categories-grid__item\">\n\t\t\t\t\t\t<a href=\"https:\/\/mueblespaco.es\/pt\/product-category\/banos\/\" class=\"em-relative em-ratio em-eff-img-zoom\">\n\t\t\t\t\t\t\t<div class=\"ecomus-categories-grid__image\"> <img decoding=\"async\" src=\"https:\/\/mueblespaco.es\/wp-content\/uploads\/2025\/12\/cat_banos.png\" title=\"cat_ba\u00f1os\" alt=\"cat_ba\u00f1os\" loading=\"lazy\" \/><\/div>\n\t\t\t\t\t\t\t<span class=\"ecomus-categories-grid__title ecomus-button em-button em-button-light em-font-medium\">\n\t\t\t\t\t\t\t\t<span class=\"ecomus-categories-grid__text\">Ba\u00f1os<\/span>\n\t\t\t\t\t\t\t\t<span class=\"ecomus-svg-icon ecomus-svg-icon--arrow-top\" ><svg aria-hidden=\"true\" role=\"img\" focusable=\"false\" xmlns=\"http:\/\/www.w3.org\/2000\/svg\" width=\"8\" height=\"8\" viewbox=\"0 0 8 8\" fill=\"currentColor\" class=\"hdt-inline-block hdt-icon hdt-icon-2\"><path d=\"M0.861539 8L0 7.13846L5.90769 1.23077H0.615385V0H8V7.38462H6.76923V2.09231L0.861539 8Z\" fill=\"currentColor\"><\/path><\/svg><\/span>\n\t\t\t\t\t\t\t<\/span>\n\t\t\t\t\t\t<\/a>\n\t\t\t\t\t<\/div><div class=\"ecomus-categories-grid__item\">\n\t\t\t\t\t\t<a href=\"https:\/\/mueblespaco.es\/pt\/product-category\/outdoor\/\" class=\"em-relative em-ratio em-eff-img-zoom\">\n\t\t\t\t\t\t\t<div class=\"ecomus-categories-grid__image\"> <img decoding=\"async\" src=\"https:\/\/mueblespaco.es\/wp-content\/uploads\/2025\/10\/exterior_01.jpg\" title=\"exterior_01\" alt=\"exterior_01\" loading=\"lazy\" \/><\/div>\n\t\t\t\t\t\t\t<span class=\"ecomus-categories-grid__title ecomus-button em-button em-button-light em-font-medium\">\n\t\t\t\t\t\t\t\t<span class=\"ecomus-categories-grid__text\">Terraza y Jard\u00edn<\/span>\n\t\t\t\t\t\t\t\t<span class=\"ecomus-svg-icon ecomus-svg-icon--arrow-top\" ><svg aria-hidden=\"true\" role=\"img\" focusable=\"false\" xmlns=\"http:\/\/www.w3.org\/2000\/svg\" width=\"8\" height=\"8\" viewbox=\"0 0 8 8\" fill=\"currentColor\" class=\"hdt-inline-block hdt-icon hdt-icon-2\"><path d=\"M0.861539 8L0 7.13846L5.90769 1.23077H0.615385V0H8V7.38462H6.76923V2.09231L0.861539 8Z\" fill=\"currentColor\"><\/path><\/svg><\/span>\n\t\t\t\t\t\t\t<\/span>\n\t\t\t\t\t\t<\/a>\n\t\t\t\t\t<\/div><div class=\"ecomus-categories-grid__item\">\n\t\t\t\t\t\t<a href=\"https:\/\/mueblespaco.es\/pt\/product-category\/decor\/\" class=\"em-relative em-ratio em-eff-img-zoom\">\n\t\t\t\t\t\t\t<div class=\"ecomus-categories-grid__image\"> <img decoding=\"async\" src=\"https:\/\/mueblespaco.es\/wp-content\/uploads\/2024\/09\/home_furniture-banner-08.webp\" title=\"home_furniture-banner-08.webp\" alt=\"home_furniture-banner-08.webp\" loading=\"lazy\" \/><\/div>\n\t\t\t\t\t\t\t<span class=\"ecomus-categories-grid__title ecomus-button em-button em-button-light em-font-medium\">\n\t\t\t\t\t\t\t\t<span class=\"ecomus-categories-grid__text\">Decoraci\u00f3n<\/span>\n\t\t\t\t\t\t\t\t<span class=\"ecomus-svg-icon ecomus-svg-icon--arrow-top\" ><svg aria-hidden=\"true\" role=\"img\" focusable=\"false\" xmlns=\"http:\/\/www.w3.org\/2000\/svg\" width=\"8\" height=\"8\" viewbox=\"0 0 8 8\" fill=\"currentColor\" class=\"hdt-inline-block hdt-icon hdt-icon-2\"><path d=\"M0.861539 8L0 7.13846L5.90769 1.23077H0.615385V0H8V7.38462H6.76923V2.09231L0.861539 8Z\" fill=\"currentColor\"><\/path><\/svg><\/span>\n\t\t\t\t\t\t\t<\/span>\n\t\t\t\t\t\t<\/a>\n\t\t\t\t\t<\/div><div class=\"ecomus-categories-grid__item\">\n\t\t\t\t\t\t<a href=\"https:\/\/mueblespaco.es\/pt\/product-category\/tapiceria\/\" class=\"em-relative em-ratio em-eff-img-zoom\">\n\t\t\t\t\t\t\t<div class=\"ecomus-categories-grid__image\"> <img decoding=\"async\" src=\"https:\/\/mueblespaco.es\/wp-content\/uploads\/2025\/12\/cat_tapiceria.png\" title=\"cat_tapiceria\" alt=\"cat_tapiceria\" loading=\"lazy\" \/><\/div>\n\t\t\t\t\t\t\t<span class=\"ecomus-categories-grid__title ecomus-button em-button em-button-light em-font-medium\">\n\t\t\t\t\t\t\t\t<span class=\"ecomus-categories-grid__text\">Tapicer\u00eda<\/span>\n\t\t\t\t\t\t\t\t<span class=\"ecomus-svg-icon ecomus-svg-icon--arrow-top\" ><svg aria-hidden=\"true\" role=\"img\" focusable=\"false\" xmlns=\"http:\/\/www.w3.org\/2000\/svg\" width=\"8\" height=\"8\" viewbox=\"0 0 8 8\" fill=\"currentColor\" class=\"hdt-inline-block hdt-icon hdt-icon-2\"><path d=\"M0.861539 8L0 7.13846L5.90769 1.23077H0.615385V0H8V7.38462H6.76923V2.09231L0.861539 8Z\" fill=\"currentColor\"><\/path><\/svg><\/span>\n\t\t\t\t\t\t\t<\/span>\n\t\t\t\t\t\t<\/a>\n\t\t\t\t\t<\/div><\/div>\n\t\t\t<\/div>\t\t\t\t<\/div>\n\t\t\t\t<\/div>\n\t\t\t\t\t<\/div>\n\t\t\t\t<\/div>\n\t\t\t\t<\/div>","protected":false},"excerpt":{"rendered":"<p>Salones Comedor Cocinas Dormitorios Iluminaci\u00f3n Ba\u00f1os Terraza y Jard\u00edn Decoraci\u00f3n Tapicer\u00eda<\/p>","protected":false},"author":1,"featured_media":0,"parent":0,"menu_order":0,"comment_status":"closed","ping_status":"closed","template":"","meta":{"footnotes":""},"class_list":["post-1026","page","type-page","status-publish","hentry"],"jetpack_sharing_enabled":true,"_links":{"self":[{"href":"https:\/\/mueblespaco.es\/pt\/wp-json\/wp\/v2\/pages\/1026","targetHints":{"allow":["GET"]}}],"collection":[{"href":"https:\/\/mueblespaco.es\/pt\/wp-json\/wp\/v2\/pages"}],"about":[{"href":"https:\/\/mueblespaco.es\/pt\/wp-json\/wp\/v2\/types\/page"}],"author":[{"embeddable":true,"href":"https:\/\/mueblespaco.es\/pt\/wp-json\/wp\/v2\/users\/1"}],"replies":[{"embeddable":true,"href":"https:\/\/mueblespaco.es\/pt\/wp-json\/wp\/v2\/comments?post=1026"}],"version-history":[{"count":13,"href":"https:\/\/mueblespaco.es\/pt\/wp-json\/wp\/v2\/pages\/1026\/revisions"}],"predecessor-version":[{"id":6630,"href":"https:\/\/mueblespaco.es\/pt\/wp-json\/wp\/v2\/pages\/1026\/revisions\/6630"}],"wp:attachment":[{"href":"https:\/\/mueblespaco.es\/pt\/wp-json\/wp\/v2\/media?parent=1026"}],"curies":[{"name":"wp","href":"https:\/\/api.w.org\/{rel}","templated":true}]}}